{"id":2900,"date":"2024-12-17T09:56:06","date_gmt":"2024-12-17T08:56:06","guid":{"rendered":"https:\/\/masa.it\/zertifizierungen\/"},"modified":"2025-03-31T10:12:43","modified_gmt":"2025-03-31T08:12:43","slug":"zertifizierungen","status":"publish","type":"page","link":"https:\/\/www.masa.it\/de\/zertifizierungen\/","title":{"rendered":"Zertifizierungen"},"content":{"rendered":"\t\t<div data-elementor-type=\"wp-page\" data-elementor-id=\"2900\" class=\"elementor elementor-2900 elementor-2691\" wpc-filter-elementor-widget=\"1\" data-elementor-post-type=\"page\">\n\t\t\t\t<div class=\"has_ae_slider elementor-element elementor-element-0b14efd e-flex e-con-boxed ae-bg-gallery-type-default e-con e-parent\" data-id=\"0b14efd\" data-element_type=\"container\" data-e-type=\"container\">\n\t\t\t\t\t<div class=\"e-con-inner\">\n\t\t\t\t<div class=\"elementor-element elementor-element-e95e077 elementor-widget elementor-widget-heading\" data-id=\"e95e077\" data-element_type=\"widget\" data-e-type=\"widget\" data-widget_type=\"heading.default\">\n\t\t\t\t\t<h1 class=\"elementor-heading-title elementor-size-default\">Zertifizierungen<\/h1>\t\t\t\t<\/div>\n\t\t\t\t\t<\/div>\n\t\t\t\t<\/div>\n\t\t<div class=\"has_ae_slider elementor-element elementor-element-8f8cb7c e-flex e-con-boxed ae-bg-gallery-type-default e-con e-parent\" data-id=\"8f8cb7c\" data-element_type=\"container\" data-e-type=\"container\">\n\t\t\t\t\t<div class=\"e-con-inner\">\n\t\t<div class=\"has_ae_slider elementor-element elementor-element-4d1cedb e-con-full e-flex ae-bg-gallery-type-default e-con e-child\" data-id=\"4d1cedb\" data-element_type=\"container\" data-e-type=\"container\">\n\t\t\t\t<div class=\"elementor-element elementor-element-588ab7b elementor-position-top elementor-position-top elementor-position-top elementor-widget elementor-widget-image-box\" data-id=\"588ab7b\" data-element_type=\"widget\" data-e-type=\"widget\" data-widget_type=\"image-box.default\">\n\t\t\t\t\t<div class=\"elementor-image-box-wrapper\"><figure class=\"elementor-image-box-img\"><img fetchpriority=\"high\" decoding=\"async\" width=\"312\" height=\"313\" src=\"https:\/\/www.masa.it\/wp-content\/uploads\/2024\/12\/gots-logo-2018.png\" class=\"attachment-full size-full wp-image-2753\" alt=\"\" srcset=\"https:\/\/www.masa.it\/wp-content\/uploads\/2024\/12\/gots-logo-2018.png 312w, https:\/\/www.masa.it\/wp-content\/uploads\/2024\/12\/gots-logo-2018-300x300.png 300w, https:\/\/www.masa.it\/wp-content\/uploads\/2024\/12\/gots-logo-2018-100x100.png 100w\" sizes=\"(max-width: 312px) 100vw, 312px\" \/><\/figure><div class=\"elementor-image-box-content\"><h3 class=\"elementor-image-box-title\">CERTIFIED BY ICEA<br>GOTS-14895<\/h3><p class=\"elementor-image-box-description\"><b>GOTS<\/b> gilt als wichtigster internationaler Standard f\u00fcr die nachhaltige Herstellung von Kleidungsst\u00fccken und Textilien aus biologisch angebauten Naturfasern wie Baumwolle und Wolle.<\/p><\/div><\/div>\t\t\t\t<\/div>\n\t\t\t\t<\/div>\n\t\t<div class=\"has_ae_slider elementor-element elementor-element-297508c e-con-full e-flex ae-bg-gallery-type-default e-con e-child\" data-id=\"297508c\" data-element_type=\"container\" data-e-type=\"container\">\n\t\t\t\t<div class=\"elementor-element elementor-element-00857aa elementor-position-top elementor-position-top elementor-widget elementor-widget-image-box\" data-id=\"00857aa\" data-element_type=\"widget\" data-e-type=\"widget\" data-widget_type=\"image-box.default\">\n\t\t\t\t\t<div class=\"elementor-image-box-wrapper\"><figure class=\"elementor-image-box-img\"><img decoding=\"async\" width=\"300\" height=\"144\" src=\"https:\/\/www.masa.it\/wp-content\/uploads\/2024\/12\/veritas2-300x144-1.png\" class=\"attachment-full size-full wp-image-2727\" alt=\"\" \/><\/figure><div class=\"elementor-image-box-content\"><p class=\"elementor-image-box-description\"><b>ISO 9001<\/b> ist die Referenznorm f\u00fcr eine Organisation, die beabsichtigt, sowohl betriebliche als auch unterst\u00fctzende Prozesse zu planen, umzusetzen, zu \u00fcberwachen und zu verbessern, indem sie das Qualit\u00e4tsmanagementsystem als Mittel zur Erreichung der Ziele konzipiert und einf\u00fchrt.<\/p><\/div><\/div>\t\t\t\t<\/div>\n\t\t\t\t<\/div>\n\t\t\t\t\t<\/div>\n\t\t\t\t<\/div>\n\t\t<div class=\"has_ae_slider elementor-element elementor-element-38ee8c2 e-flex e-con-boxed ae-bg-gallery-type-default e-con e-parent\" data-id=\"38ee8c2\" data-element_type=\"container\" data-e-type=\"container\">\n\t\t\t\t\t<div class=\"e-con-inner\">\n\t\t<div class=\"has_ae_slider elementor-element elementor-element-0e601d2 e-con-full e-flex ae-bg-gallery-type-default e-con e-child\" data-id=\"0e601d2\" data-element_type=\"container\" data-e-type=\"container\">\n\t\t\t\t<div class=\"elementor-element elementor-element-a819c81 elementor-position-top elementor-position-top elementor-widget elementor-widget-image-box\" data-id=\"a819c81\" data-element_type=\"widget\" data-e-type=\"widget\" data-widget_type=\"image-box.default\">\n\t\t\t\t\t<div class=\"elementor-image-box-wrapper\"><figure class=\"elementor-image-box-img\"><img decoding=\"async\" width=\"1717\" height=\"744\" src=\"https:\/\/www.masa.it\/wp-content\/uploads\/2025\/03\/GRS_Color.png\" class=\"attachment-full size-full wp-image-4856\" alt=\"\" srcset=\"https:\/\/www.masa.it\/wp-content\/uploads\/2025\/03\/GRS_Color.png 1717w, https:\/\/www.masa.it\/wp-content\/uploads\/2025\/03\/GRS_Color-600x260.png 600w\" sizes=\"(max-width: 1717px) 100vw, 1717px\" \/><\/figure><div class=\"elementor-image-box-content\"><h3 class=\"elementor-image-box-title\">MASA S.P.A. INDUSTRIE TESSILI IS GRS CERTIFIED<br>BY ICEA<br>ICEA-TX-3629<\/h3><p class=\"elementor-image-box-description\">Der <b>Global Recycle Standard<\/b> ist ein Standard, der die Bedeutung des Recyclings f\u00fcr die Entwicklung eines nachhaltigen Produktions- und Konsummodells anerkennt und darauf abzielt, die Reduzierung des Ressourcenverbrauchs (neue Rohstoffe, Wasser und Energie) zu f\u00f6rdern und die Qualit\u00e4t der recycelten Produkte zu verbessern.<\/p><\/div><\/div>\t\t\t\t<\/div>\n\t\t\t\t<\/div>\n\t\t<div class=\"has_ae_slider elementor-element elementor-element-ba29143 e-con-full e-flex ae-bg-gallery-type-default e-con e-child\" data-id=\"ba29143\" data-element_type=\"container\" data-e-type=\"container\">\n\t\t\t\t<div class=\"elementor-element elementor-element-764cbec elementor-position-top elementor-position-top elementor-widget elementor-widget-image-box\" data-id=\"764cbec\" data-element_type=\"widget\" data-e-type=\"widget\" data-widget_type=\"image-box.default\">\n\t\t\t\t\t<div class=\"elementor-image-box-wrapper\"><figure class=\"elementor-image-box-img\"><img loading=\"lazy\" decoding=\"async\" width=\"948\" height=\"1333\" src=\"https:\/\/www.masa.it\/wp-content\/uploads\/2024\/12\/OEKO-TEX_STANDARD100_Logo_rgb.png\" class=\"attachment-full size-full wp-image-2757\" alt=\"\" srcset=\"https:\/\/www.masa.it\/wp-content\/uploads\/2024\/12\/OEKO-TEX_STANDARD100_Logo_rgb.png 948w, https:\/\/www.masa.it\/wp-content\/uploads\/2024\/12\/OEKO-TEX_STANDARD100_Logo_rgb-600x844.png 600w\" sizes=\"(max-width: 948px) 100vw, 948px\" \/><\/figure><div class=\"elementor-image-box-content\"><p class=\"elementor-image-box-description\"><b>Der OEKO-TEX\u00ae Standard 100<\/b> ist ein unabh\u00e4ngiges Kontroll- und Zertifizierungssystem f\u00fcr die gesamte textile Welt, von den Rohstoffen bis zu den Halbfertig- und Fertigprodukten in allen Verarbeitungsstufen.<\/p><\/div><\/div>\t\t\t\t<\/div>\n\t\t\t\t<\/div>\n\t\t\t\t\t<\/div>\n\t\t\t\t<\/div>\n\t\t\t\t<\/div>\n\t\t","protected":false},"excerpt":{"rendered":"<p>Zertifizierungen CERTIFIED BY ICEAGOTS-14895 GOTS gilt als wichtigster internationaler Standard f\u00fcr die nachhaltige Herstellung von Kleidungsst\u00fccken und Textilien aus biologisch [&hellip;]<\/p>\n","protected":false},"author":1,"featured_media":0,"parent":0,"menu_order":0,"comment_status":"closed","ping_status":"closed","template":"","meta":{"_acf_changed":false,"site-sidebar-layout":"no-sidebar","site-content-layout":"","ast-site-content-layout":"full-width-container","site-content-style":"default","site-sidebar-style":"default","ast-global-header-display":"","ast-banner-title-visibility":"","ast-main-header-display":"","ast-hfb-above-header-display":"","ast-hfb-below-header-display":"","ast-hfb-mobile-header-display":"","site-post-title":"disabled","ast-breadcrumbs-content":"","ast-featured-img":"disabled","footer-sml-layout":"","ast-disable-related-posts":"","theme-transparent-header-meta":"","adv-header-id-meta":"","stick-header-meta":"","header-above-stick-meta":"","header-main-stick-meta":"","header-below-stick-meta":"","astra-migrate-meta-layouts":"default","ast-page-background-enabled":"default","ast-page-background-meta":{"desktop":{"background-color":"var(--ast-global-color-4)","background-image":"","background-repeat":"repeat","background-position":"center center","background-size":"auto","background-attachment":"scroll","background-type":"","background-media":"","overlay-type":"","overlay-color":"","overlay-opacity":"","overlay-gradient":""},"tablet":{"background-color":"","background-image":"","background-repeat":"repeat","background-position":"center center","background-size":"auto","background-attachment":"scroll","background-type":"","background-media":"","overlay-type":"","overlay-color":"","overlay-opacity":"","overlay-gradient":""},"mobile":{"background-color":"","background-image":"","background-repeat":"repeat","background-position":"center center","background-size":"auto","background-attachment":"scroll","background-type":"","background-media":"","overlay-type":"","overlay-color":"","overlay-opacity":"","overlay-gradient":""}},"ast-content-background-meta":{"desktop":{"background-color":"var(--ast-global-color-5)","background-image":"","background-repeat":"repeat","background-position":"center center","background-size":"auto","background-attachment":"scroll","background-type":"","background-media":"","overlay-type":"","overlay-color":"","overlay-opacity":"","overlay-gradient":""},"tablet":{"background-color":"var(--ast-global-color-5)","background-image":"","background-repeat":"repeat","background-position":"center center","background-size":"auto","background-attachment":"scroll","background-type":"","background-media":"","overlay-type":"","overlay-color":"","overlay-opacity":"","overlay-gradient":""},"mobile":{"background-color":"var(--ast-global-color-5)","background-image":"","background-repeat":"repeat","background-position":"center center","background-size":"auto","background-attachment":"scroll","background-type":"","background-media":"","overlay-type":"","overlay-color":"","overlay-opacity":"","overlay-gradient":""}},"footnotes":""},"class_list":["post-2900","page","type-page","status-publish","hentry"],"acf":[],"_links":{"self":[{"href":"https:\/\/www.masa.it\/de\/wp-json\/wp\/v2\/pages\/2900","targetHints":{"allow":["GET"]}}],"collection":[{"href":"https:\/\/www.masa.it\/de\/wp-json\/wp\/v2\/pages"}],"about":[{"href":"https:\/\/www.masa.it\/de\/wp-json\/wp\/v2\/types\/page"}],"author":[{"embeddable":true,"href":"https:\/\/www.masa.it\/de\/wp-json\/wp\/v2\/users\/1"}],"replies":[{"embeddable":true,"href":"https:\/\/www.masa.it\/de\/wp-json\/wp\/v2\/comments?post=2900"}],"version-history":[{"count":2,"href":"https:\/\/www.masa.it\/de\/wp-json\/wp\/v2\/pages\/2900\/revisions"}],"predecessor-version":[{"id":5641,"href":"https:\/\/www.masa.it\/de\/wp-json\/wp\/v2\/pages\/2900\/revisions\/5641"}],"wp:attachment":[{"href":"https:\/\/www.masa.it\/de\/wp-json\/wp\/v2\/media?parent=2900"}],"curies":[{"name":"wp","href":"https:\/\/api.w.org\/{rel}","templated":true}]}}